{"id":28,"date":"2023-06-13T14:06:00","date_gmt":"2023-06-13T12:06:00","guid":{"rendered":"https:\/\/wittlers-hotel-ratzeburg.de\/?page_id=28"},"modified":"2023-08-29T14:50:34","modified_gmt":"2023-08-29T12:50:34","slug":"impressum","status":"publish","type":"page","link":"https:\/\/wittlers-hotel-ratzeburg.de\/en\/impressum\/","title":{"rendered":"Imprint"},"content":{"rendered":"<div data-elementor-type=\"wp-page\" data-elementor-id=\"28\" class=\"elementor elementor-28\" data-elementor-post-type=\"page\">\n\t\t\t\t<div class=\"elementor-element elementor-element-73bc9649 e-flex e-con-boxed e-con e-parent\" data-id=\"73bc9649\" data-element_type=\"container\" data-e-type=\"container\">\n\t\t\t\t\t<div class=\"e-con-inner\">\n\t\t\t\t<div class=\"elementor-element elementor-element-4508890e elementor-widget elementor-widget-text-editor\" data-id=\"4508890e\" data-element_type=\"widget\" data-e-type=\"widget\" data-widget_type=\"text-editor.default\">\n\t\t\t\t<div class=\"elementor-widget-container\">\n\t\t\t\t\t\t\t\t\t<h1>Imprint<\/h1>\t\t\t\t\t\t\t\t<\/div>\n\t\t\t\t<\/div>\n\t\t\t\t<div class=\"elementor-element elementor-element-66a074c9 elementor-widget-divider--view-line elementor-widget elementor-widget-divider\" data-id=\"66a074c9\" data-element_type=\"widget\" data-e-type=\"widget\" data-widget_type=\"divider.default\">\n\t\t\t\t<div class=\"elementor-widget-container\">\n\t\t\t\t\t\t\t<div class=\"elementor-divider\">\n\t\t\t<span class=\"elementor-divider-separator\">\n\t\t\t\t\t\t<\/span>\n\t\t<\/div>\n\t\t\t\t\t\t<\/div>\n\t\t\t\t<\/div>\n\t\t\t\t<div class=\"elementor-element elementor-element-4ca6ef1a elementor-widget elementor-widget-text-editor\" data-id=\"4ca6ef1a\" data-element_type=\"widget\" data-e-type=\"widget\" data-widget_type=\"text-editor.default\">\n\t\t\t\t<div class=\"elementor-widget-container\">\n\t\t\t\t\t\t\t\t\t<h2>Information according to \u00a7 5 TMG<\/h2><p>Torsten Karwasz<br \/>Wittler\u2019s Hotel<br \/>Gro\u00dfe Kreuzstra\u00dfe 11<br \/>23909 Ratzeburg<\/p><h2>Contact<\/h2><p>Phone: 04541-3204<br \/>Fax: 04541-3815<br \/>E-Mail: info@wittlers-hotel.de<\/p><h2>VAT ID<\/h2><p>Sales tax identification number according to \u00a7 27 a Umsatzsteuergesetz:<br \/>DE 06200057523<\/p><h2>Editorially responsible<\/h2><p>Torsten Karwasz<br \/>Wittlers Hotel<br \/>Gro\u00dfe Kreuzstra\u00dfe 11<br \/>23909 Ratzeburg<\/p><h2>Photography and videography<\/h2><p>Christian Bernhardt, cck print media GmbH<\/p><h2>EU Dispute Resolution<\/h2><p>The European Commission provides a platform for online dispute resolution (OS): <a href=\"https:\/\/ec.europa.eu\/consumers\/odr\/\" target=\"_blank\" rel=\"noopener noreferrer\">https:\/\/ec.europa.eu\/consumers\/odr\/<\/a>.<br \/>You can find our e-mail address in the imprint above.<\/p><h2>Consumer dispute resolution\/universal arbitration board<\/h2><p>We are not willing or obliged to participate in dispute settlement procedures before a consumer arbitration board.<\/p>\t\t\t\t\t\t\t\t<\/div>\n\t\t\t\t<\/div>\n\t\t\t\t\t<\/div>\n\t\t\t\t<\/div>\n\t\t\t\t<\/div>","protected":false},"excerpt":{"rendered":"<p>Impressum Angaben gem\u00e4\u00df \u00a7 5 TMG Torsten KarwaszWittler&#8217;s HotelGro\u00dfe Kreuzstra\u00dfe 1123909 Ratzeburg Kontakt Telefon: 04541-3204Telefax: 04541-3815E-Mail: info@wittlers-hotel.de Umsatzsteuer-ID Umsatzsteuer-Identifikationsnummer gem\u00e4\u00df \u00a7 27 a Umsatzsteuergesetz:DE 06200057523 Redaktionell verantwortlich Torsten KarwaszWittlers HotelGro\u00dfe Kreuzstra\u00dfe 1123909 Ratzeburg Fotografie und Videografie Christian Bernhardt, cck print media GmbH EU-Streitschlichtung Die Europ\u00e4ische Kommission stellt eine Plattform zur Online-Streitbeilegung (OS) bereit: https:\/\/ec.europa.eu\/consumers\/odr\/.Unsere E-Mail-Adresse [&hellip;]<\/p>\n","protected":false},"author":2,"featured_media":0,"parent":0,"menu_order":0,"comment_status":"closed","ping_status":"closed","template":"elementor_header_footer","meta":{"footnotes":""},"class_list":["post-28","page","type-page","status-publish","hentry"],"yoast_head":"<!-- This site is optimized with the Yoast SEO plugin v27.0 - https:\/\/yoast.com\/product\/yoast-seo-wordpress\/ -->\n<title>Impressum - Wittlers Hotel in Ratzeburg<\/title>\n<meta name=\"robots\" content=\"index, follow, max-snippet:-1, max-image-preview:large, max-video-preview:-1\" \/>\n<link rel=\"canonical\" href=\"https:\/\/wittlers-hotel-ratzeburg.de\/en\/impressum\/\" \/>\n<meta property=\"og:locale\" content=\"en_GB\" \/>\n<meta property=\"og:type\" content=\"article\" \/>\n<meta property=\"og:title\" content=\"Impressum - Wittlers Hotel in Ratzeburg\" \/>\n<meta property=\"og:description\" content=\"Impressum Angaben gem\u00e4\u00df \u00a7 5 TMG Torsten KarwaszWittler&#8217;s HotelGro\u00dfe Kreuzstra\u00dfe 1123909 Ratzeburg Kontakt Telefon: 04541-3204Telefax: 04541-3815E-Mail: info@wittlers-hotel.de Umsatzsteuer-ID Umsatzsteuer-Identifikationsnummer gem\u00e4\u00df \u00a7 27 a Umsatzsteuergesetz:DE 06200057523 Redaktionell verantwortlich Torsten KarwaszWittlers HotelGro\u00dfe Kreuzstra\u00dfe 1123909 Ratzeburg Fotografie und Videografie Christian Bernhardt, cck print media GmbH EU-Streitschlichtung Die Europ\u00e4ische Kommission stellt eine Plattform zur Online-Streitbeilegung (OS) bereit: https:\/\/ec.europa.eu\/consumers\/odr\/.Unsere E-Mail-Adresse [&hellip;]\" \/>\n<meta property=\"og:url\" content=\"https:\/\/wittlers-hotel-ratzeburg.de\/en\/impressum\/\" \/>\n<meta property=\"og:site_name\" content=\"Wittlers Hotel in Ratzeburg\" \/>\n<meta property=\"article:modified_time\" content=\"2023-08-29T12:50:34+00:00\" \/>\n<meta name=\"twitter:card\" content=\"summary_large_image\" \/>\n<meta name=\"twitter:label1\" content=\"Estimated reading time\" \/>\n\t<meta name=\"twitter:data1\" content=\"1 minute\" \/>\n<script type=\"application\/ld+json\" class=\"yoast-schema-graph\">{\"@context\":\"https:\/\/schema.org\",\"@graph\":[{\"@type\":\"WebPage\",\"@id\":\"https:\/\/wittlers-hotel-ratzeburg.de\/impressum\/\",\"url\":\"https:\/\/wittlers-hotel-ratzeburg.de\/impressum\/\",\"name\":\"Impressum - Wittlers Hotel in Ratzeburg\",\"isPartOf\":{\"@id\":\"https:\/\/wittlers-hotel-ratzeburg.de\/#website\"},\"datePublished\":\"2023-06-13T12:06:00+00:00\",\"dateModified\":\"2023-08-29T12:50:34+00:00\",\"breadcrumb\":{\"@id\":\"https:\/\/wittlers-hotel-ratzeburg.de\/impressum\/#breadcrumb\"},\"inLanguage\":\"en-GB\",\"potentialAction\":[{\"@type\":\"ReadAction\",\"target\":[\"https:\/\/wittlers-hotel-ratzeburg.de\/impressum\/\"]}]},{\"@type\":\"BreadcrumbList\",\"@id\":\"https:\/\/wittlers-hotel-ratzeburg.de\/impressum\/#breadcrumb\",\"itemListElement\":[{\"@type\":\"ListItem\",\"position\":1,\"name\":\"Startseite\",\"item\":\"https:\/\/wittlers-hotel-ratzeburg.de\/\"},{\"@type\":\"ListItem\",\"position\":2,\"name\":\"Impressum\"}]},{\"@type\":\"WebSite\",\"@id\":\"https:\/\/wittlers-hotel-ratzeburg.de\/#website\",\"url\":\"https:\/\/wittlers-hotel-ratzeburg.de\/\",\"name\":\"Wittlers Hotel in Ratzeburg\",\"description\":\"Hotel und Restaurant in Ratzeburg\",\"publisher\":{\"@id\":\"https:\/\/wittlers-hotel-ratzeburg.de\/#organization\"},\"potentialAction\":[{\"@type\":\"SearchAction\",\"target\":{\"@type\":\"EntryPoint\",\"urlTemplate\":\"https:\/\/wittlers-hotel-ratzeburg.de\/?s={search_term_string}\"},\"query-input\":{\"@type\":\"PropertyValueSpecification\",\"valueRequired\":true,\"valueName\":\"search_term_string\"}}],\"inLanguage\":\"en-GB\"},{\"@type\":\"Organization\",\"@id\":\"https:\/\/wittlers-hotel-ratzeburg.de\/#organization\",\"name\":\"Wittlers Hotel in Ratzeburg\",\"url\":\"https:\/\/wittlers-hotel-ratzeburg.de\/\",\"logo\":{\"@type\":\"ImageObject\",\"inLanguage\":\"en-GB\",\"@id\":\"https:\/\/wittlers-hotel-ratzeburg.de\/#\/schema\/logo\/image\/\",\"url\":\"https:\/\/wittlers-hotel-ratzeburg.de\/wp-content\/uploads\/logowittlers-hotel.png\",\"contentUrl\":\"https:\/\/wittlers-hotel-ratzeburg.de\/wp-content\/uploads\/logowittlers-hotel.png\",\"width\":359,\"height\":161,\"caption\":\"Wittlers Hotel in Ratzeburg\"},\"image\":{\"@id\":\"https:\/\/wittlers-hotel-ratzeburg.de\/#\/schema\/logo\/image\/\"}}]}<\/script>\n<!-- \/ Yoast SEO plugin. -->","yoast_head_json":{"title":"Impressum - Wittlers Hotel in Ratzeburg","robots":{"index":"index","follow":"follow","max-snippet":"max-snippet:-1","max-image-preview":"max-image-preview:large","max-video-preview":"max-video-preview:-1"},"canonical":"https:\/\/wittlers-hotel-ratzeburg.de\/en\/impressum\/","og_locale":"en_GB","og_type":"article","og_title":"Impressum - Wittlers Hotel in Ratzeburg","og_description":"Impressum Angaben gem\u00e4\u00df \u00a7 5 TMG Torsten KarwaszWittler&#8217;s HotelGro\u00dfe Kreuzstra\u00dfe 1123909 Ratzeburg Kontakt Telefon: 04541-3204Telefax: 04541-3815E-Mail: info@wittlers-hotel.de Umsatzsteuer-ID Umsatzsteuer-Identifikationsnummer gem\u00e4\u00df \u00a7 27 a Umsatzsteuergesetz:DE 06200057523 Redaktionell verantwortlich Torsten KarwaszWittlers HotelGro\u00dfe Kreuzstra\u00dfe 1123909 Ratzeburg Fotografie und Videografie Christian Bernhardt, cck print media GmbH EU-Streitschlichtung Die Europ\u00e4ische Kommission stellt eine Plattform zur Online-Streitbeilegung (OS) bereit: https:\/\/ec.europa.eu\/consumers\/odr\/.Unsere E-Mail-Adresse [&hellip;]","og_url":"https:\/\/wittlers-hotel-ratzeburg.de\/en\/impressum\/","og_site_name":"Wittlers Hotel in Ratzeburg","article_modified_time":"2023-08-29T12:50:34+00:00","twitter_card":"summary_large_image","twitter_misc":{"Estimated reading time":"1 minute"},"schema":{"@context":"https:\/\/schema.org","@graph":[{"@type":"WebPage","@id":"https:\/\/wittlers-hotel-ratzeburg.de\/impressum\/","url":"https:\/\/wittlers-hotel-ratzeburg.de\/impressum\/","name":"Impressum - Wittlers Hotel in Ratzeburg","isPartOf":{"@id":"https:\/\/wittlers-hotel-ratzeburg.de\/#website"},"datePublished":"2023-06-13T12:06:00+00:00","dateModified":"2023-08-29T12:50:34+00:00","breadcrumb":{"@id":"https:\/\/wittlers-hotel-ratzeburg.de\/impressum\/#breadcrumb"},"inLanguage":"en-GB","potentialAction":[{"@type":"ReadAction","target":["https:\/\/wittlers-hotel-ratzeburg.de\/impressum\/"]}]},{"@type":"BreadcrumbList","@id":"https:\/\/wittlers-hotel-ratzeburg.de\/impressum\/#breadcrumb","itemListElement":[{"@type":"ListItem","position":1,"name":"Startseite","item":"https:\/\/wittlers-hotel-ratzeburg.de\/"},{"@type":"ListItem","position":2,"name":"Impressum"}]},{"@type":"WebSite","@id":"https:\/\/wittlers-hotel-ratzeburg.de\/#website","url":"https:\/\/wittlers-hotel-ratzeburg.de\/","name":"Wittlers Hotel in Ratzeburg","description":"Hotel und Restaurant in Ratzeburg","publisher":{"@id":"https:\/\/wittlers-hotel-ratzeburg.de\/#organization"},"potentialAction":[{"@type":"SearchAction","target":{"@type":"EntryPoint","urlTemplate":"https:\/\/wittlers-hotel-ratzeburg.de\/?s={search_term_string}"},"query-input":{"@type":"PropertyValueSpecification","valueRequired":true,"valueName":"search_term_string"}}],"inLanguage":"en-GB"},{"@type":"Organization","@id":"https:\/\/wittlers-hotel-ratzeburg.de\/#organization","name":"Wittlers Hotel in Ratzeburg","url":"https:\/\/wittlers-hotel-ratzeburg.de\/","logo":{"@type":"ImageObject","inLanguage":"en-GB","@id":"https:\/\/wittlers-hotel-ratzeburg.de\/#\/schema\/logo\/image\/","url":"https:\/\/wittlers-hotel-ratzeburg.de\/wp-content\/uploads\/logowittlers-hotel.png","contentUrl":"https:\/\/wittlers-hotel-ratzeburg.de\/wp-content\/uploads\/logowittlers-hotel.png","width":359,"height":161,"caption":"Wittlers Hotel in Ratzeburg"},"image":{"@id":"https:\/\/wittlers-hotel-ratzeburg.de\/#\/schema\/logo\/image\/"}}]}},"_links":{"self":[{"href":"https:\/\/wittlers-hotel-ratzeburg.de\/en\/wp-json\/wp\/v2\/pages\/28","targetHints":{"allow":["GET"]}}],"collection":[{"href":"https:\/\/wittlers-hotel-ratzeburg.de\/en\/wp-json\/wp\/v2\/pages"}],"about":[{"href":"https:\/\/wittlers-hotel-ratzeburg.de\/en\/wp-json\/wp\/v2\/types\/page"}],"author":[{"embeddable":true,"href":"https:\/\/wittlers-hotel-ratzeburg.de\/en\/wp-json\/wp\/v2\/users\/2"}],"replies":[{"embeddable":true,"href":"https:\/\/wittlers-hotel-ratzeburg.de\/en\/wp-json\/wp\/v2\/comments?post=28"}],"version-history":[{"count":34,"href":"https:\/\/wittlers-hotel-ratzeburg.de\/en\/wp-json\/wp\/v2\/pages\/28\/revisions"}],"predecessor-version":[{"id":1783,"href":"https:\/\/wittlers-hotel-ratzeburg.de\/en\/wp-json\/wp\/v2\/pages\/28\/revisions\/1783"}],"wp:attachment":[{"href":"https:\/\/wittlers-hotel-ratzeburg.de\/en\/wp-json\/wp\/v2\/media?parent=28"}],"curies":[{"name":"wp","href":"https:\/\/api.w.org\/{rel}","templated":true}]}}