{"id":20,"date":"2023-06-13T14:04:38","date_gmt":"2023-06-13T12:04:38","guid":{"rendered":"https:\/\/wittlers-hotel-ratzeburg.de\/?page_id=20"},"modified":"2023-09-05T15:17:40","modified_gmt":"2023-09-05T13:17:40","slug":"angebote","status":"publish","type":"page","link":"https:\/\/wittlers-hotel-ratzeburg.de\/en\/angebote\/","title":{"rendered":"Offers"},"content":{"rendered":"<div data-elementor-type=\"wp-page\" data-elementor-id=\"20\" class=\"elementor elementor-20\" data-elementor-post-type=\"page\">\n\t\t\t\t<div class=\"elementor-element elementor-element-6933a280 e-flex e-con-boxed e-con e-parent\" data-id=\"6933a280\" data-element_type=\"container\" data-e-type=\"container\" data-settings=\"{&quot;background_background&quot;:&quot;classic&quot;,&quot;animation&quot;:&quot;none&quot;}\">\n\t\t\t\t\t<div class=\"e-con-inner\">\n\t\t<div class=\"elementor-element elementor-element-261d69f3 animated-slow e-con-full e-flex e-con e-parent\" data-id=\"261d69f3\" data-element_type=\"container\" data-e-type=\"container\" data-settings=\"{&quot;animation&quot;:&quot;none&quot;}\">\n\t\t\t\t<div class=\"elementor-element elementor-element-7d9fbc93 animated-slow elementor-invisible elementor-widget elementor-widget-text-editor\" data-id=\"7d9fbc93\" data-element_type=\"widget\" data-e-type=\"widget\" data-settings=\"{&quot;_animation&quot;:&quot;fadeInDown&quot;}\" data-widget_type=\"text-editor.default\">\n\t\t\t\t<div class=\"elementor-widget-container\">\n\t\t\t\t\t\t\t\t\t<p>We have put together offers for you that you should not miss!<\/p>\t\t\t\t\t\t\t\t<\/div>\n\t\t\t\t<\/div>\n\t\t\t\t<\/div>\n\t\t\t\t\t<\/div>\n\t\t\t\t<\/div>\n\t\t<div class=\"elementor-element elementor-element-29a9dc34 e-flex e-con-boxed e-con e-parent\" data-id=\"29a9dc34\" data-element_type=\"container\" data-e-type=\"container\">\n\t\t\t\t\t<div class=\"e-con-inner\">\n\t\t\t\t<div class=\"elementor-element elementor-element-684fcdc5 elementor-widget elementor-widget-text-editor\" data-id=\"684fcdc5\" data-element_type=\"widget\" data-e-type=\"widget\" data-widget_type=\"text-editor.default\">\n\t\t\t\t<div class=\"elementor-widget-container\">\n\t\t\t\t\t\t\t\t\t<h1>Our offers<\/h1>\t\t\t\t\t\t\t\t<\/div>\n\t\t\t\t<\/div>\n\t\t\t\t<div class=\"elementor-element elementor-element-6befa5c7 elementor-widget-divider--view-line elementor-widget elementor-widget-divider\" data-id=\"6befa5c7\" data-element_type=\"widget\" data-e-type=\"widget\" data-widget_type=\"divider.default\">\n\t\t\t\t<div class=\"elementor-widget-container\">\n\t\t\t\t\t\t\t<div class=\"elementor-divider\">\n\t\t\t<span class=\"elementor-divider-separator\">\n\t\t\t\t\t\t<\/span>\n\t\t<\/div>\n\t\t\t\t\t\t<\/div>\n\t\t\t\t<\/div>\n\t\t\t\t<div class=\"elementor-element elementor-element-6b9274cf elementor-widget elementor-widget-text-editor\" data-id=\"6b9274cf\" data-element_type=\"widget\" data-e-type=\"widget\" data-widget_type=\"text-editor.default\">\n\t\t\t\t<div class=\"elementor-widget-container\">\n\t\t\t\t\t\t\t\t\t<h2>You want to enjoy your stay with additional highlights? Then browse through our offers at your leisure.<\/h2>\t\t\t\t\t\t\t\t<\/div>\n\t\t\t\t<\/div>\n\t\t\t\t\t<\/div>\n\t\t\t\t<\/div>\n\t\t<div class=\"elementor-element elementor-element-521f24ae e-con-full e-flex e-con e-parent\" data-id=\"521f24ae\" data-element_type=\"container\" data-e-type=\"container\" data-settings=\"{&quot;background_background&quot;:&quot;classic&quot;,&quot;animation&quot;:&quot;none&quot;,&quot;animation_delay&quot;:0}\">\n\t\t<div class=\"elementor-element elementor-element-6b00db91 e-con-full animated-slow e-flex elementor-invisible e-con e-parent\" data-id=\"6b00db91\" data-element_type=\"container\" data-e-type=\"container\" data-settings=\"{&quot;animation&quot;:&quot;fadeInRight&quot;}\">\n\t\t\t\t<div class=\"elementor-element elementor-element-13d2f6bb elementor-widget elementor-widget-text-editor\" data-id=\"13d2f6bb\" data-element_type=\"widget\" data-e-type=\"widget\" data-widget_type=\"text-editor.default\">\n\t\t\t\t<div class=\"elementor-widget-container\">\n\t\t\t\t\t\t\t\t\t<p class=\"ce-headline-left\">Kurztripp \u2013 2 \u00dcbernachtungen<\/p>\t\t\t\t\t\t\t\t<\/div>\n\t\t\t\t<\/div>\n\t\t\t\t<div class=\"elementor-element elementor-element-62b2b80c elementor-widget elementor-widget-accordion\" data-id=\"62b2b80c\" data-element_type=\"widget\" data-e-type=\"widget\" data-widget_type=\"accordion.default\">\n\t\t\t\t<div class=\"elementor-widget-container\">\n\t\t\t\t\t\t\t<div class=\"elementor-accordion\">\n\t\t\t\t\t\t\t<div class=\"elementor-accordion-item\">\n\t\t\t\t\t<div id=\"elementor-tab-title-1651\" class=\"elementor-tab-title\" data-tab=\"1\" role=\"button\" aria-controls=\"elementor-tab-content-1651\" aria-expanded=\"false\">\n\t\t\t\t\t\t\t\t\t\t\t\t\t<span class=\"elementor-accordion-icon elementor-accordion-icon-left\" aria-hidden=\"true\">\n\t\t\t\t\t\t\t\t\t\t\t\t\t\t\t<span class=\"elementor-accordion-icon-closed\"><i class=\"far fa-arrow-alt-circle-down\"><\/i><\/span>\n\t\t\t\t\t\t\t\t<span class=\"elementor-accordion-icon-opened\"><i class=\"far fa-arrow-alt-circle-up\"><\/i><\/span>\n\t\t\t\t\t\t\t\t\t\t\t\t\t\t<\/span>\n\t\t\t\t\t\t\t\t\t\t\t\t<a class=\"elementor-accordion-title\" tabindex=\"0\">leeres feld<\/a>\n\t\t\t\t\t<\/div>\n\t\t\t\t\t<div id=\"elementor-tab-content-1651\" class=\"elementor-tab-content elementor-clearfix\" data-tab=\"1\" role=\"region\" aria-labelledby=\"elementor-tab-title-1651\"><\/div>\n\t\t\t\t<\/div>\n\t\t\t\t\t\t\t<div class=\"elementor-accordion-item\">\n\t\t\t\t\t<div id=\"elementor-tab-title-1652\" class=\"elementor-tab-title\" data-tab=\"2\" role=\"button\" aria-controls=\"elementor-tab-content-1652\" aria-expanded=\"false\">\n\t\t\t\t\t\t\t\t\t\t\t\t\t<span class=\"elementor-accordion-icon elementor-accordion-icon-left\" aria-hidden=\"true\">\n\t\t\t\t\t\t\t\t\t\t\t\t\t\t\t<span class=\"elementor-accordion-icon-closed\"><i class=\"far fa-arrow-alt-circle-down\"><\/i><\/span>\n\t\t\t\t\t\t\t\t<span class=\"elementor-accordion-icon-opened\"><i class=\"far fa-arrow-alt-circle-up\"><\/i><\/span>\n\t\t\t\t\t\t\t\t\t\t\t\t\t\t<\/span>\n\t\t\t\t\t\t\t\t\t\t\t\t<a class=\"elementor-accordion-title\" tabindex=\"0\">Beschreibung<\/a>\n\t\t\t\t\t<\/div>\n\t\t\t\t\t<div id=\"elementor-tab-content-1652\" class=\"elementor-tab-content elementor-clearfix\" data-tab=\"2\" role=\"region\" aria-labelledby=\"elementor-tab-title-1652\"><h2 class=\"text-center\">Dieses Angebot beinhaltet:<\/h2><ul><li class=\"text-center\">2 Overnight stays<\/li><li>2x rich breakfast buffet<\/li><li>Voucher for a boat trip on Lake Ratzeburg<\/li><li>Voucher for a cocktail in the Schirmbar<\/li><\/ul><p>Price in double room\/per person <br \/>Euro 155,00<\/p><p>Price in double room guest house\/per person<br \/>Euro 165,00<\/p><h3><strong><a href=\"https:\/\/wittlers-hotel-ratzeburg.de\/en\/kontakt\/\">Request now<\/a><\/strong><\/h3><\/div>\n\t\t\t\t<\/div>\n\t\t\t\t\t\t\t\t<\/div>\n\t\t\t\t\t\t<\/div>\n\t\t\t\t<\/div>\n\t\t\t\t<\/div>\n\t\t<div class=\"elementor-element elementor-element-3ef7e77 animated-slow e-flex e-con-boxed elementor-invisible e-con e-parent\" data-id=\"3ef7e77\" data-element_type=\"container\" data-e-type=\"container\" data-settings=\"{&quot;animation&quot;:&quot;fadeInLeft&quot;}\">\n\t\t\t\t\t<div class=\"e-con-inner\">\n\t\t\t\t<div class=\"elementor-element elementor-element-2d25e873 elementor-skin-carousel elementor-arrows-yes elementor-pagination-type-bullets elementor-pagination-position-outside elementor-widget elementor-widget-media-carousel\" data-id=\"2d25e873\" data-element_type=\"widget\" data-e-type=\"widget\" data-settings=\"{&quot;effect&quot;:&quot;fade&quot;,&quot;speed&quot;:2000,&quot;autoplay_speed&quot;:3500,&quot;skin&quot;:&quot;carousel&quot;,&quot;show_arrows&quot;:&quot;yes&quot;,&quot;pagination&quot;:&quot;bullets&quot;,&quot;autoplay&quot;:&quot;yes&quot;,&quot;loop&quot;:&quot;yes&quot;,&quot;space_between&quot;:{&quot;unit&quot;:&quot;px&quot;,&quot;size&quot;:10,&quot;sizes&quot;:[]},&quot;space_between_tablet&quot;:{&quot;unit&quot;:&quot;px&quot;,&quot;size&quot;:10,&quot;sizes&quot;:[]},&quot;space_between_mobile&quot;:{&quot;unit&quot;:&quot;px&quot;,&quot;size&quot;:10,&quot;sizes&quot;:[]}}\" data-widget_type=\"media-carousel.default\">\n\t\t\t\t<div class=\"elementor-widget-container\">\n\t\t\t\t\t\t\t\t\t<div class=\"elementor-swiper\">\n\t\t\t\t\t<div class=\"elementor-main-swiper swiper\" role=\"region\" aria-roledescription=\"carousel\" aria-label=\"Slider\">\n\t\t\t\t<div class=\"swiper-wrapper\">\n\t\t\t\t\t\t\t\t\t\t\t<div class=\"swiper-slide\" role=\"group\" aria-roledescription=\"slide\">\n\t\t\t\t\t\t\t\t\t<div class=\"elementor-carousel-image\" role=\"img\" aria-label=\"fahrradsport\" style=\"background-image: url(&#039;https:\/\/wittlers-hotel-ratzeburg.de\/wp-content\/uploads\/fahrradsport.jpg&#039;)\">\n\n\t\t\t\n\t\t\t\t\t<\/div>\n\t\t\t\t\t\t\t\t<\/div>\n\t\t\t\t\t\t\t\t\t\t\t<div class=\"swiper-slide\" role=\"group\" aria-roledescription=\"slide\">\n\t\t\t\t\t\t\t\t\t<div class=\"elementor-carousel-image\" role=\"img\" aria-label=\"_wassersport2\" style=\"background-image: url(&#039;https:\/\/wittlers-hotel-ratzeburg.de\/wp-content\/uploads\/wassersport2.jpg&#039;)\">\n\n\t\t\t\n\t\t\t\t\t<\/div>\n\t\t\t\t\t\t\t\t<\/div>\n\t\t\t\t\t\t\t\t\t<\/div>\n\t\t\t\t\t\t\t\t\t\t\t\t\t\t\t<div class=\"elementor-swiper-button elementor-swiper-button-prev\" role=\"button\" tabindex=\"0\" aria-label=\"Voriger\">\n\t\t\t\t\t\t\t<i aria-hidden=\"true\" class=\"eicon-chevron-left\"><\/i>\t\t\t\t\t\t<\/div>\n\t\t\t\t\t\t<div class=\"elementor-swiper-button elementor-swiper-button-next\" role=\"button\" tabindex=\"0\" aria-label=\"N\u00e4chster\">\n\t\t\t\t\t\t\t<i aria-hidden=\"true\" class=\"eicon-chevron-right\"><\/i>\t\t\t\t\t\t<\/div>\n\t\t\t\t\t\t\t\t\t\t\t\t\t\t\t\t<div class=\"swiper-pagination\"><\/div>\n\t\t\t\t\t\t\t\t\t\t\t\t<\/div>\n\t\t\t\t<\/div>\n\t\t\t\t\t\t\t\t<\/div>\n\t\t\t\t<\/div>\n\t\t\t\t\t<\/div>\n\t\t\t\t<\/div>\n\t\t\t\t<\/div>\n\t\t<div class=\"elementor-element elementor-element-a81ec46 e-con-full e-flex e-con e-parent\" data-id=\"a81ec46\" data-element_type=\"container\" data-e-type=\"container\" data-settings=\"{&quot;background_background&quot;:&quot;classic&quot;,&quot;animation&quot;:&quot;none&quot;,&quot;animation_delay&quot;:0}\">\n\t\t<div class=\"elementor-element elementor-element-c9225b6 e-con-full animated-slow e-flex elementor-invisible e-con e-parent\" data-id=\"c9225b6\" data-element_type=\"container\" data-e-type=\"container\" data-settings=\"{&quot;animation&quot;:&quot;fadeInRight&quot;}\">\n\t\t\t\t<div class=\"elementor-element elementor-element-da9058c elementor-skin-carousel elementor-arrows-yes elementor-pagination-type-bullets elementor-pagination-position-outside elementor-widget elementor-widget-media-carousel\" data-id=\"da9058c\" data-element_type=\"widget\" data-e-type=\"widget\" data-settings=\"{&quot;effect&quot;:&quot;fade&quot;,&quot;speed&quot;:2000,&quot;autoplay_speed&quot;:3500,&quot;skin&quot;:&quot;carousel&quot;,&quot;show_arrows&quot;:&quot;yes&quot;,&quot;pagination&quot;:&quot;bullets&quot;,&quot;autoplay&quot;:&quot;yes&quot;,&quot;loop&quot;:&quot;yes&quot;,&quot;space_between&quot;:{&quot;unit&quot;:&quot;px&quot;,&quot;size&quot;:10,&quot;sizes&quot;:[]},&quot;space_between_tablet&quot;:{&quot;unit&quot;:&quot;px&quot;,&quot;size&quot;:10,&quot;sizes&quot;:[]},&quot;space_between_mobile&quot;:{&quot;unit&quot;:&quot;px&quot;,&quot;size&quot;:10,&quot;sizes&quot;:[]}}\" data-widget_type=\"media-carousel.default\">\n\t\t\t\t<div class=\"elementor-widget-container\">\n\t\t\t\t\t\t\t\t\t<div class=\"elementor-swiper\">\n\t\t\t\t\t<div class=\"elementor-main-swiper swiper\" role=\"region\" aria-roledescription=\"carousel\" aria-label=\"Slider\">\n\t\t\t\t<div class=\"swiper-wrapper\">\n\t\t\t\t\t\t\t\t\t\t\t<div class=\"swiper-slide\" role=\"group\" aria-roledescription=\"slide\">\n\t\t\t\t\t\t\t\t\t<div class=\"elementor-carousel-image\" role=\"img\" aria-label=\"fahrradsport1\" style=\"background-image: url(&#039;https:\/\/wittlers-hotel-ratzeburg.de\/wp-content\/uploads\/fahrradsport1.jpg&#039;)\">\n\n\t\t\t\n\t\t\t\t\t<\/div>\n\t\t\t\t\t\t\t\t<\/div>\n\t\t\t\t\t\t\t\t\t\t\t<div class=\"swiper-slide\" role=\"group\" aria-roledescription=\"slide\">\n\t\t\t\t\t\t\t\t\t<div class=\"elementor-carousel-image\" role=\"img\" aria-label=\"ratzeburger-dom\" style=\"background-image: url(&#039;https:\/\/wittlers-hotel-ratzeburg.de\/wp-content\/uploads\/ratzeburger-dom.jpg&#039;)\">\n\n\t\t\t\n\t\t\t\t\t<\/div>\n\t\t\t\t\t\t\t\t<\/div>\n\t\t\t\t\t\t\t\t\t<\/div>\n\t\t\t\t\t\t\t\t\t\t\t\t\t\t\t<div class=\"elementor-swiper-button elementor-swiper-button-prev\" role=\"button\" tabindex=\"0\" aria-label=\"Voriger\">\n\t\t\t\t\t\t\t<i aria-hidden=\"true\" class=\"eicon-chevron-left\"><\/i>\t\t\t\t\t\t<\/div>\n\t\t\t\t\t\t<div class=\"elementor-swiper-button elementor-swiper-button-next\" role=\"button\" tabindex=\"0\" aria-label=\"N\u00e4chster\">\n\t\t\t\t\t\t\t<i aria-hidden=\"true\" class=\"eicon-chevron-right\"><\/i>\t\t\t\t\t\t<\/div>\n\t\t\t\t\t\t\t\t\t\t\t\t\t\t\t\t<div class=\"swiper-pagination\"><\/div>\n\t\t\t\t\t\t\t\t\t\t\t\t<\/div>\n\t\t\t\t<\/div>\n\t\t\t\t\t\t\t\t<\/div>\n\t\t\t\t<\/div>\n\t\t\t\t<\/div>\n\t\t<div class=\"elementor-element elementor-element-afdea1b animated-slow e-flex e-con-boxed elementor-invisible e-con e-parent\" data-id=\"afdea1b\" data-element_type=\"container\" data-e-type=\"container\" data-settings=\"{&quot;animation&quot;:&quot;fadeInLeft&quot;}\">\n\t\t\t\t\t<div class=\"e-con-inner\">\n\t\t\t\t<div class=\"elementor-element elementor-element-65858e0 elementor-widget elementor-widget-text-editor\" data-id=\"65858e0\" data-element_type=\"widget\" data-e-type=\"widget\" data-widget_type=\"text-editor.default\">\n\t\t\t\t<div class=\"elementor-widget-container\">\n\t\t\t\t\t\t\t\t\t<p class=\"ce-headline-left\">Bike und Kultur \u2013 2 \u00dcbernachtungen<\/p>\t\t\t\t\t\t\t\t<\/div>\n\t\t\t\t<\/div>\n\t\t\t\t<div class=\"elementor-element elementor-element-115f8d7 elementor-widget elementor-widget-accordion\" data-id=\"115f8d7\" data-element_type=\"widget\" data-e-type=\"widget\" data-widget_type=\"accordion.default\">\n\t\t\t\t<div class=\"elementor-widget-container\">\n\t\t\t\t\t\t\t<div class=\"elementor-accordion\">\n\t\t\t\t\t\t\t<div class=\"elementor-accordion-item\">\n\t\t\t\t\t<div id=\"elementor-tab-title-1821\" class=\"elementor-tab-title\" data-tab=\"1\" role=\"button\" aria-controls=\"elementor-tab-content-1821\" aria-expanded=\"false\">\n\t\t\t\t\t\t\t\t\t\t\t\t\t<span class=\"elementor-accordion-icon elementor-accordion-icon-left\" aria-hidden=\"true\">\n\t\t\t\t\t\t\t\t\t\t\t\t\t\t\t<span class=\"elementor-accordion-icon-closed\"><i class=\"far fa-arrow-alt-circle-down\"><\/i><\/span>\n\t\t\t\t\t\t\t\t<span class=\"elementor-accordion-icon-opened\"><i class=\"far fa-arrow-alt-circle-up\"><\/i><\/span>\n\t\t\t\t\t\t\t\t\t\t\t\t\t\t<\/span>\n\t\t\t\t\t\t\t\t\t\t\t\t<a class=\"elementor-accordion-title\" tabindex=\"0\">leeres feld<\/a>\n\t\t\t\t\t<\/div>\n\t\t\t\t\t<div id=\"elementor-tab-content-1821\" class=\"elementor-tab-content elementor-clearfix\" data-tab=\"1\" role=\"region\" aria-labelledby=\"elementor-tab-title-1821\"><\/div>\n\t\t\t\t<\/div>\n\t\t\t\t\t\t\t<div class=\"elementor-accordion-item\">\n\t\t\t\t\t<div id=\"elementor-tab-title-1822\" class=\"elementor-tab-title\" data-tab=\"2\" role=\"button\" aria-controls=\"elementor-tab-content-1822\" aria-expanded=\"false\">\n\t\t\t\t\t\t\t\t\t\t\t\t\t<span class=\"elementor-accordion-icon elementor-accordion-icon-left\" aria-hidden=\"true\">\n\t\t\t\t\t\t\t\t\t\t\t\t\t\t\t<span class=\"elementor-accordion-icon-closed\"><i class=\"far fa-arrow-alt-circle-down\"><\/i><\/span>\n\t\t\t\t\t\t\t\t<span class=\"elementor-accordion-icon-opened\"><i class=\"far fa-arrow-alt-circle-up\"><\/i><\/span>\n\t\t\t\t\t\t\t\t\t\t\t\t\t\t<\/span>\n\t\t\t\t\t\t\t\t\t\t\t\t<a class=\"elementor-accordion-title\" tabindex=\"0\">Bike and culture<\/a>\n\t\t\t\t\t<\/div>\n\t\t\t\t\t<div id=\"elementor-tab-content-1822\" class=\"elementor-tab-content elementor-clearfix\" data-tab=\"2\" role=\"region\" aria-labelledby=\"elementor-tab-title-1822\"><h2>Dieses Angebot beinhaltet:<\/h2><ul><li>2 Overnight stays<\/li><li>2x rich breakfast buffet<\/li><li>Bicycle for one day (alternatively voucher for a boat trip on Lake Ratzeburg)<\/li><li>Voucher for the A. Paul Weber Museum and the District Museum<\/li><li>Voucher for a cocktail in the Schirmbar<\/li><\/ul><p>\u00a0<\/p><p>Price in double room\/per person\u00a0 <br \/>Euro 170,00<\/p><p>Price in double room guest house\/per person <br \/>Euro 180,00<\/p><h3><strong><a href=\"https:\/\/wittlers-hotel-ratzeburg.de\/en\/kontakt\/\">Request now<\/a><\/strong><\/h3><\/div>\n\t\t\t\t<\/div>\n\t\t\t\t\t\t\t\t<\/div>\n\t\t\t\t\t\t<\/div>\n\t\t\t\t<\/div>\n\t\t\t\t\t<\/div>\n\t\t\t\t<\/div>\n\t\t\t\t<\/div>\n\t\t\t\t<\/div>","protected":false},"excerpt":{"rendered":"<p>Wir haben Angebote f\u00fcr Sie zusammengestellt, die Sie sich nicht entgehen lassen sollten! Unsere Angebote Sie wollen Ihren Aufenthalt mit zus\u00e4tzlichen Highlights genie\u00dfen? Dann st\u00f6bern Sie in Ruhe durch unsere Angebote. Kurztripp \u2013 2 \u00dcbernachtungen leeres feld Beschreibung Dieses Angebot beinhaltet: 2 \u00dcbernachtungen 2x reichhaltiges Fr\u00fchst\u00fccksbuffet Gutschein f\u00fcr eine Schifffahrt auf dem Ratzeburger See Gutschein [&hellip;]<\/p>\n","protected":false},"author":2,"featured_media":0,"parent":0,"menu_order":0,"comment_status":"closed","ping_status":"closed","template":"elementor_header_footer","meta":{"footnotes":""},"class_list":["post-20","page","type-page","status-publish","hentry"],"yoast_head":"<!-- This site is optimized with the Yoast SEO plugin v27.0 - https:\/\/yoast.com\/product\/yoast-seo-wordpress\/ -->\n<title>Angebote - Wittlers Hotel in Ratzeburg<\/title>\n<meta name=\"robots\" content=\"index, follow, max-snippet:-1, max-image-preview:large, max-video-preview:-1\" \/>\n<link rel=\"canonical\" href=\"https:\/\/wittlers-hotel-ratzeburg.de\/en\/angebote\/\" \/>\n<meta property=\"og:locale\" content=\"en_GB\" \/>\n<meta property=\"og:type\" content=\"article\" \/>\n<meta property=\"og:title\" content=\"Angebote - Wittlers Hotel in Ratzeburg\" \/>\n<meta property=\"og:description\" content=\"Wir haben Angebote f\u00fcr Sie zusammengestellt, die Sie sich nicht entgehen lassen sollten! Unsere Angebote Sie wollen Ihren Aufenthalt mit zus\u00e4tzlichen Highlights genie\u00dfen? Dann st\u00f6bern Sie in Ruhe durch unsere Angebote. Kurztripp \u2013 2 \u00dcbernachtungen leeres feld Beschreibung Dieses Angebot beinhaltet: 2 \u00dcbernachtungen 2x reichhaltiges Fr\u00fchst\u00fccksbuffet Gutschein f\u00fcr eine Schifffahrt auf dem Ratzeburger See Gutschein [&hellip;]\" \/>\n<meta property=\"og:url\" content=\"https:\/\/wittlers-hotel-ratzeburg.de\/en\/angebote\/\" \/>\n<meta property=\"og:site_name\" content=\"Wittlers Hotel in Ratzeburg\" \/>\n<meta property=\"article:modified_time\" content=\"2023-09-05T13:17:40+00:00\" \/>\n<meta name=\"twitter:card\" content=\"summary_large_image\" \/>\n<meta name=\"twitter:label1\" content=\"Estimated reading time\" \/>\n\t<meta name=\"twitter:data1\" content=\"1 minute\" \/>\n<script type=\"application\/ld+json\" class=\"yoast-schema-graph\">{\"@context\":\"https:\/\/schema.org\",\"@graph\":[{\"@type\":\"WebPage\",\"@id\":\"https:\/\/wittlers-hotel-ratzeburg.de\/angebote\/\",\"url\":\"https:\/\/wittlers-hotel-ratzeburg.de\/angebote\/\",\"name\":\"Angebote - Wittlers Hotel in Ratzeburg\",\"isPartOf\":{\"@id\":\"https:\/\/wittlers-hotel-ratzeburg.de\/#website\"},\"datePublished\":\"2023-06-13T12:04:38+00:00\",\"dateModified\":\"2023-09-05T13:17:40+00:00\",\"breadcrumb\":{\"@id\":\"https:\/\/wittlers-hotel-ratzeburg.de\/angebote\/#breadcrumb\"},\"inLanguage\":\"en-GB\",\"potentialAction\":[{\"@type\":\"ReadAction\",\"target\":[\"https:\/\/wittlers-hotel-ratzeburg.de\/angebote\/\"]}]},{\"@type\":\"BreadcrumbList\",\"@id\":\"https:\/\/wittlers-hotel-ratzeburg.de\/angebote\/#breadcrumb\",\"itemListElement\":[{\"@type\":\"ListItem\",\"position\":1,\"name\":\"Startseite\",\"item\":\"https:\/\/wittlers-hotel-ratzeburg.de\/\"},{\"@type\":\"ListItem\",\"position\":2,\"name\":\"Angebote\"}]},{\"@type\":\"WebSite\",\"@id\":\"https:\/\/wittlers-hotel-ratzeburg.de\/#website\",\"url\":\"https:\/\/wittlers-hotel-ratzeburg.de\/\",\"name\":\"Wittlers Hotel in Ratzeburg\",\"description\":\"Hotel und Restaurant in Ratzeburg\",\"publisher\":{\"@id\":\"https:\/\/wittlers-hotel-ratzeburg.de\/#organization\"},\"potentialAction\":[{\"@type\":\"SearchAction\",\"target\":{\"@type\":\"EntryPoint\",\"urlTemplate\":\"https:\/\/wittlers-hotel-ratzeburg.de\/?s={search_term_string}\"},\"query-input\":{\"@type\":\"PropertyValueSpecification\",\"valueRequired\":true,\"valueName\":\"search_term_string\"}}],\"inLanguage\":\"en-GB\"},{\"@type\":\"Organization\",\"@id\":\"https:\/\/wittlers-hotel-ratzeburg.de\/#organization\",\"name\":\"Wittlers Hotel in Ratzeburg\",\"url\":\"https:\/\/wittlers-hotel-ratzeburg.de\/\",\"logo\":{\"@type\":\"ImageObject\",\"inLanguage\":\"en-GB\",\"@id\":\"https:\/\/wittlers-hotel-ratzeburg.de\/#\/schema\/logo\/image\/\",\"url\":\"https:\/\/wittlers-hotel-ratzeburg.de\/wp-content\/uploads\/logowittlers-hotel.png\",\"contentUrl\":\"https:\/\/wittlers-hotel-ratzeburg.de\/wp-content\/uploads\/logowittlers-hotel.png\",\"width\":359,\"height\":161,\"caption\":\"Wittlers Hotel in Ratzeburg\"},\"image\":{\"@id\":\"https:\/\/wittlers-hotel-ratzeburg.de\/#\/schema\/logo\/image\/\"}}]}<\/script>\n<!-- \/ Yoast SEO plugin. -->","yoast_head_json":{"title":"Angebote - Wittlers Hotel in Ratzeburg","robots":{"index":"index","follow":"follow","max-snippet":"max-snippet:-1","max-image-preview":"max-image-preview:large","max-video-preview":"max-video-preview:-1"},"canonical":"https:\/\/wittlers-hotel-ratzeburg.de\/en\/angebote\/","og_locale":"en_GB","og_type":"article","og_title":"Angebote - Wittlers Hotel in Ratzeburg","og_description":"Wir haben Angebote f\u00fcr Sie zusammengestellt, die Sie sich nicht entgehen lassen sollten! Unsere Angebote Sie wollen Ihren Aufenthalt mit zus\u00e4tzlichen Highlights genie\u00dfen? Dann st\u00f6bern Sie in Ruhe durch unsere Angebote. Kurztripp \u2013 2 \u00dcbernachtungen leeres feld Beschreibung Dieses Angebot beinhaltet: 2 \u00dcbernachtungen 2x reichhaltiges Fr\u00fchst\u00fccksbuffet Gutschein f\u00fcr eine Schifffahrt auf dem Ratzeburger See Gutschein [&hellip;]","og_url":"https:\/\/wittlers-hotel-ratzeburg.de\/en\/angebote\/","og_site_name":"Wittlers Hotel in Ratzeburg","article_modified_time":"2023-09-05T13:17:40+00:00","twitter_card":"summary_large_image","twitter_misc":{"Estimated reading time":"1 minute"},"schema":{"@context":"https:\/\/schema.org","@graph":[{"@type":"WebPage","@id":"https:\/\/wittlers-hotel-ratzeburg.de\/angebote\/","url":"https:\/\/wittlers-hotel-ratzeburg.de\/angebote\/","name":"Angebote - Wittlers Hotel in Ratzeburg","isPartOf":{"@id":"https:\/\/wittlers-hotel-ratzeburg.de\/#website"},"datePublished":"2023-06-13T12:04:38+00:00","dateModified":"2023-09-05T13:17:40+00:00","breadcrumb":{"@id":"https:\/\/wittlers-hotel-ratzeburg.de\/angebote\/#breadcrumb"},"inLanguage":"en-GB","potentialAction":[{"@type":"ReadAction","target":["https:\/\/wittlers-hotel-ratzeburg.de\/angebote\/"]}]},{"@type":"BreadcrumbList","@id":"https:\/\/wittlers-hotel-ratzeburg.de\/angebote\/#breadcrumb","itemListElement":[{"@type":"ListItem","position":1,"name":"Startseite","item":"https:\/\/wittlers-hotel-ratzeburg.de\/"},{"@type":"ListItem","position":2,"name":"Angebote"}]},{"@type":"WebSite","@id":"https:\/\/wittlers-hotel-ratzeburg.de\/#website","url":"https:\/\/wittlers-hotel-ratzeburg.de\/","name":"Wittlers Hotel in Ratzeburg","description":"Hotel und Restaurant in Ratzeburg","publisher":{"@id":"https:\/\/wittlers-hotel-ratzeburg.de\/#organization"},"potentialAction":[{"@type":"SearchAction","target":{"@type":"EntryPoint","urlTemplate":"https:\/\/wittlers-hotel-ratzeburg.de\/?s={search_term_string}"},"query-input":{"@type":"PropertyValueSpecification","valueRequired":true,"valueName":"search_term_string"}}],"inLanguage":"en-GB"},{"@type":"Organization","@id":"https:\/\/wittlers-hotel-ratzeburg.de\/#organization","name":"Wittlers Hotel in Ratzeburg","url":"https:\/\/wittlers-hotel-ratzeburg.de\/","logo":{"@type":"ImageObject","inLanguage":"en-GB","@id":"https:\/\/wittlers-hotel-ratzeburg.de\/#\/schema\/logo\/image\/","url":"https:\/\/wittlers-hotel-ratzeburg.de\/wp-content\/uploads\/logowittlers-hotel.png","contentUrl":"https:\/\/wittlers-hotel-ratzeburg.de\/wp-content\/uploads\/logowittlers-hotel.png","width":359,"height":161,"caption":"Wittlers Hotel in Ratzeburg"},"image":{"@id":"https:\/\/wittlers-hotel-ratzeburg.de\/#\/schema\/logo\/image\/"}}]}},"_links":{"self":[{"href":"https:\/\/wittlers-hotel-ratzeburg.de\/en\/wp-json\/wp\/v2\/pages\/20","targetHints":{"allow":["GET"]}}],"collection":[{"href":"https:\/\/wittlers-hotel-ratzeburg.de\/en\/wp-json\/wp\/v2\/pages"}],"about":[{"href":"https:\/\/wittlers-hotel-ratzeburg.de\/en\/wp-json\/wp\/v2\/types\/page"}],"author":[{"embeddable":true,"href":"https:\/\/wittlers-hotel-ratzeburg.de\/en\/wp-json\/wp\/v2\/users\/2"}],"replies":[{"embeddable":true,"href":"https:\/\/wittlers-hotel-ratzeburg.de\/en\/wp-json\/wp\/v2\/comments?post=20"}],"version-history":[{"count":85,"href":"https:\/\/wittlers-hotel-ratzeburg.de\/en\/wp-json\/wp\/v2\/pages\/20\/revisions"}],"predecessor-version":[{"id":1921,"href":"https:\/\/wittlers-hotel-ratzeburg.de\/en\/wp-json\/wp\/v2\/pages\/20\/revisions\/1921"}],"wp:attachment":[{"href":"https:\/\/wittlers-hotel-ratzeburg.de\/en\/wp-json\/wp\/v2\/media?parent=20"}],"curies":[{"name":"wp","href":"https:\/\/api.w.org\/{rel}","templated":true}]}}