{"id":16,"date":"2023-06-13T14:04:02","date_gmt":"2023-06-13T12:04:02","guid":{"rendered":"https:\/\/wittlers-hotel-ratzeburg.de\/?page_id=16"},"modified":"2025-06-28T16:34:29","modified_gmt":"2025-06-28T14:34:29","slug":"fruehstueck","status":"publish","type":"page","link":"https:\/\/wittlers-hotel-ratzeburg.de\/en\/fruehstueck\/","title":{"rendered":"Breakfast"},"content":{"rendered":"\t\t<div data-elementor-type=\"wp-page\" data-elementor-id=\"16\" class=\"elementor elementor-16\" data-elementor-post-type=\"page\">\n\t\t\t\t<div class=\"elementor-element elementor-element-457090ce e-con-full e-flex e-con e-parent\" data-id=\"457090ce\" data-element_type=\"container\" data-e-type=\"container\" data-settings=\"{&quot;background_background&quot;:&quot;slideshow&quot;,&quot;background_slideshow_gallery&quot;:[{&quot;id&quot;:72,&quot;url&quot;:&quot;https:\\\/\\\/wittlers-hotel-ratzeburg.de\\\/wp-content\\\/uploads\\\/12A7888.jpg&quot;},{&quot;id&quot;:65,&quot;url&quot;:&quot;https:\\\/\\\/wittlers-hotel-ratzeburg.de\\\/wp-content\\\/uploads\\\/12A7565.jpg&quot;},{&quot;id&quot;:70,&quot;url&quot;:&quot;https:\\\/\\\/wittlers-hotel-ratzeburg.de\\\/wp-content\\\/uploads\\\/12A7769.jpg&quot;},{&quot;id&quot;:71,&quot;url&quot;:&quot;https:\\\/\\\/wittlers-hotel-ratzeburg.de\\\/wp-content\\\/uploads\\\/12A7835.jpg&quot;},{&quot;id&quot;:69,&quot;url&quot;:&quot;https:\\\/\\\/wittlers-hotel-ratzeburg.de\\\/wp-content\\\/uploads\\\/12A7742.jpg&quot;},{&quot;id&quot;:64,&quot;url&quot;:&quot;https:\\\/\\\/wittlers-hotel-ratzeburg.de\\\/wp-content\\\/uploads\\\/12A7545.jpg&quot;},{&quot;id&quot;:66,&quot;url&quot;:&quot;https:\\\/\\\/wittlers-hotel-ratzeburg.de\\\/wp-content\\\/uploads\\\/12A7578.jpg&quot;},{&quot;id&quot;:68,&quot;url&quot;:&quot;https:\\\/\\\/wittlers-hotel-ratzeburg.de\\\/wp-content\\\/uploads\\\/12A7611.jpg&quot;},{&quot;id&quot;:67,&quot;url&quot;:&quot;https:\\\/\\\/wittlers-hotel-ratzeburg.de\\\/wp-content\\\/uploads\\\/12A7604.jpg&quot;},{&quot;id&quot;:1946,&quot;url&quot;:&quot;https:\\\/\\\/wittlers-hotel-ratzeburg.de\\\/wp-content\\\/uploads\\\/Teebuffet.jpg&quot;}],&quot;background_slideshow_slide_duration&quot;:1500,&quot;background_slideshow_transition_duration&quot;:2000,&quot;background_slideshow_loop&quot;:&quot;yes&quot;,&quot;background_slideshow_slide_transition&quot;:&quot;fade&quot;}\">\n\t\t\t\t<\/div>\n\t\t<div class=\"elementor-element elementor-element-3d7f517 e-flex e-con-boxed e-con e-parent\" data-id=\"3d7f517\" data-element_type=\"container\" data-e-type=\"container\">\n\t\t\t\t\t<div class=\"e-con-inner\">\n\t\t<div class=\"elementor-element elementor-element-40527fb e-con-full e-flex e-con e-child\" data-id=\"40527fb\" data-element_type=\"container\" data-e-type=\"container\">\n\t\t\t\t<\/div>\n\t\t<div class=\"elementor-element elementor-element-740a8e1 e-con-full e-flex e-con e-child\" data-id=\"740a8e1\" data-element_type=\"container\" data-e-type=\"container\">\n\t\t\t\t<\/div>\n\t\t<div class=\"elementor-element elementor-element-65c0375 e-con-full e-flex e-con e-child\" data-id=\"65c0375\" data-element_type=\"container\" data-e-type=\"container\">\n\t\t\t\t<\/div>\n\t\t<div class=\"elementor-element elementor-element-6a0f52b e-con-full animated-slow e-flex elementor-invisible e-con e-child\" data-id=\"6a0f52b\" data-element_type=\"container\" data-e-type=\"container\" data-settings=\"{&quot;background_background&quot;:&quot;classic&quot;,&quot;animation&quot;:&quot;fadeInDown&quot;}\">\n\t\t\t\t<div class=\"elementor-element elementor-element-3c06415 elementor-widget elementor-widget-text-editor\" data-id=\"3c06415\" data-element_type=\"widget\" data-e-type=\"widget\" data-widget_type=\"text-editor.default\">\n\t\t\t\t<div class=\"elementor-widget-container\">\n\t\t\t\t\t\t\t\t\t<p>Genie\u00dfen Sie Ihr Fr\u00fchst\u00fcck im Wittlers Hotel<br \/>von 7:00 bis 10:00 Uhr<\/p><p>Am Wochenende und Feiertage<br \/>von 8:00 bis 10:00 Uhr<\/p>\t\t\t\t\t\t\t\t<\/div>\n\t\t\t\t<\/div>\n\t\t\t\t<\/div>\n\t\t\t\t\t<\/div>\n\t\t\t\t<\/div>\n\t\t<div class=\"elementor-element elementor-element-2cfd58ee e-flex e-con-boxed e-con e-parent\" data-id=\"2cfd58ee\" data-element_type=\"container\" data-e-type=\"container\">\n\t\t\t\t\t<div class=\"e-con-inner\">\n\t\t\t\t<div class=\"elementor-element elementor-element-2be0664d elementor-widget elementor-widget-text-editor\" data-id=\"2be0664d\" data-element_type=\"widget\" data-e-type=\"widget\" data-widget_type=\"text-editor.default\">\n\t\t\t\t<div class=\"elementor-widget-container\">\n\t\t\t\t\t\t\t\t\t<h1>Ein exquisiter Start in den Tag<\/h1>\t\t\t\t\t\t\t\t<\/div>\n\t\t\t\t<\/div>\n\t\t\t\t<div class=\"elementor-element elementor-element-5baabf94 elementor-widget-divider--view-line elementor-widget elementor-widget-divider\" data-id=\"5baabf94\" data-element_type=\"widget\" data-e-type=\"widget\" data-widget_type=\"divider.default\">\n\t\t\t\t<div class=\"elementor-widget-container\">\n\t\t\t\t\t\t\t<div class=\"elementor-divider\">\n\t\t\t<span class=\"elementor-divider-separator\">\n\t\t\t\t\t\t<\/span>\n\t\t<\/div>\n\t\t\t\t\t\t<\/div>\n\t\t\t\t<\/div>\n\t\t\t\t<div class=\"elementor-element elementor-element-57d8ad59 elementor-widget elementor-widget-text-editor\" data-id=\"57d8ad59\" data-element_type=\"widget\" data-e-type=\"widget\" data-widget_type=\"text-editor.default\">\n\t\t\t\t<div class=\"elementor-widget-container\">\n\t\t\t\t\t\t\t\t\t<h2>Starten Sie perfekt in den Tag und genie\u00dfen Sie die Vielfalt unseres Fr\u00fchst\u00fccksbuffets<\/h2>\t\t\t\t\t\t\t\t<\/div>\n\t\t\t\t<\/div>\n\t\t\t\t<div class=\"elementor-element elementor-element-7648b390 elementor-widget elementor-widget-text-editor\" data-id=\"7648b390\" data-element_type=\"widget\" data-e-type=\"widget\" data-widget_type=\"text-editor.default\">\n\t\t\t\t<div class=\"elementor-widget-container\">\n\t\t\t\t\t\t\t\t\t<p>Lassen Sie sich f\u00fcr den Start in einen energiegeladenen Tag von unserem reichhaltigen Fr\u00fchst\u00fccksbuffet verw\u00f6hnen. Wir freuen uns darauf, Ihnen jeden Morgen ein Fr\u00fchst\u00fcckserlebnis zu bieten.\u00a0<\/p><p>Lecker, reichhaltig, abwechslungsreich \u2013 daf\u00fcr ist unser Fr\u00fchst\u00fccksbuffet bekannt. Es erwartet Sie eine gro\u00dfe Auswahl an K\u00f6stlichkeiten, die Ihren Geschmackssinn verw\u00f6hnen wird.<\/p><h3>Darauf k\u00f6nnen Sie sich jetzt schon freuen!<\/h3><p>Beginnen Sie den Tag mit frischen und knackigen Br\u00f6tchen, hausgemachter Marmelade, leckeren Aufstrichen, hei\u00dfem Kaffee oder einer unserer k\u00f6stlichen Kaffeespezialit\u00e4ten. Wenn Sie lieber Tee bevorzugen, wird Ihnen unser Tee-Samowar Buffet mit 27 verschiedenen losen und kuvertierten Teesorten gefallen. Sie werden bestimmt Ihren Lieblingstee finden.\u00a0<\/p><p>Ob Liebhaber von herzhaften oder s\u00fc\u00dfen Speisen &#8211; an unserem Fr\u00fchst\u00fccksbuffet ist f\u00fcr jeden etwas dabei. Von frisch zubereiteten Eierspeisen \u00fcber verschiedene K\u00e4sesorten und Aufschnitt bis hin zu frischem Obst und Joghurt.<\/p><p>Unser Fr\u00fchst\u00fccksbuffet ist der ideale Auftakt f\u00fcr einen erlebnisreichen Tag voller Entdeckungen und Erkundungen der wundersch\u00f6nen <a href=\"https:\/\/wittlers-hotel-ratzeburg.de\/freizeit-umgebung\/\"><strong>Umgebung von Ratzeburg.\u00a0<\/strong><\/a><\/p>\t\t\t\t\t\t\t\t<\/div>\n\t\t\t\t<\/div>\n\t\t\t\t\t<\/div>\n\t\t\t\t<\/div>\n\t\t<div class=\"elementor-element elementor-element-73fac082 e-con-full animated-slow e-flex elementor-invisible e-con e-parent\" data-id=\"73fac082\" data-element_type=\"container\" data-e-type=\"container\" data-settings=\"{&quot;background_background&quot;:&quot;classic&quot;,&quot;animation&quot;:&quot;fadeInLeft&quot;,&quot;animation_delay&quot;:200}\">\n\t\t<div class=\"elementor-element elementor-element-69860547 e-con-full e-flex e-con e-child\" data-id=\"69860547\" data-element_type=\"container\" data-e-type=\"container\">\n\t\t\t\t<div class=\"elementor-element elementor-element-24a20a6f elementor-widget elementor-widget-text-editor\" data-id=\"24a20a6f\" data-element_type=\"widget\" data-e-type=\"widget\" data-widget_type=\"text-editor.default\">\n\t\t\t\t<div class=\"elementor-widget-container\">\n\t\t\t\t\t\t\t\t\t<h2>Qualit\u00e4t und Nachhaltigkeit<\/h2>\t\t\t\t\t\t\t\t<\/div>\n\t\t\t\t<\/div>\n\t\t\t\t<div class=\"elementor-element elementor-element-6e4364c3 elementor-widget elementor-widget-text-editor\" data-id=\"6e4364c3\" data-element_type=\"widget\" data-e-type=\"widget\" data-widget_type=\"text-editor.default\">\n\t\t\t\t<div class=\"elementor-widget-container\">\n\t\t\t\t\t\t\t\t\t<p><strong>Gro\u00dfen Wert legen wir auf Qualit\u00e4t.<\/strong> <br \/>Daher verwenden wir f\u00fcr unser Fr\u00fchst\u00fccksbuffet nur hochwertige Zutaten.<\/p><p>Aus Umweltgr\u00fcnden verzichten wir au\u00dferdem auf \u00fcberfl\u00fcssige Verpackungen und Abfall. Daher setzen wir auf Glas anstelle kleiner, einzelner Plastikverpackungen. Genie\u00dfen Sie daher Ihre Mahlzeit mit gutem Gewissen.<\/p>\t\t\t\t\t\t\t\t<\/div>\n\t\t\t\t<\/div>\n\t\t\t\t<\/div>\n\t\t\t\t<div class=\"elementor-element elementor-element-47d5b47c elementor-widget-tablet__width-initial elementor-widget elementor-widget-image\" data-id=\"47d5b47c\" data-element_type=\"widget\" data-e-type=\"widget\" data-widget_type=\"image.default\">\n\t\t\t\t<div class=\"elementor-widget-container\">\n\t\t\t\t\t\t\t\t\t\t\t\t\t\t\t\t<a href=\"https:\/\/wittlers-hotel-ratzeburg.de\/wp-content\/uploads\/12A7565.jpg\" data-elementor-open-lightbox=\"yes\" data-e-action-hash=\"#elementor-action%3Aaction%3Dlightbox%26settings%3DeyJpZCI6NjUsInVybCI6Imh0dHBzOlwvXC93aXR0bGVycy1ob3RlbC1yYXR6ZWJ1cmcuZGVcL3dwLWNvbnRlbnRcL3VwbG9hZHNcLzEyQTc1NjUuanBnIn0%3D\">\n\t\t\t\t\t\t\t<img fetchpriority=\"high\" decoding=\"async\" width=\"800\" height=\"534\" src=\"https:\/\/wittlers-hotel-ratzeburg.de\/wp-content\/uploads\/12A7565-1024x683.jpg\" class=\"attachment-large size-large wp-image-65\" alt=\"\" srcset=\"https:\/\/wittlers-hotel-ratzeburg.de\/wp-content\/uploads\/12A7565-1024x683.jpg 1024w, https:\/\/wittlers-hotel-ratzeburg.de\/wp-content\/uploads\/12A7565-300x200.jpg 300w, https:\/\/wittlers-hotel-ratzeburg.de\/wp-content\/uploads\/12A7565-768x512.jpg 768w, https:\/\/wittlers-hotel-ratzeburg.de\/wp-content\/uploads\/12A7565-1536x1024.jpg 1536w, https:\/\/wittlers-hotel-ratzeburg.de\/wp-content\/uploads\/12A7565.jpg 1920w\" sizes=\"(max-width: 800px) 100vw, 800px\" \/>\t\t\t\t\t\t\t\t<\/a>\n\t\t\t\t\t\t\t\t\t\t\t\t\t\t\t<\/div>\n\t\t\t\t<\/div>\n\t\t\t\t<\/div>\n\t\t<div class=\"elementor-element elementor-element-03b6b49 e-con-full animated-slow e-flex elementor-invisible e-con e-parent\" data-id=\"03b6b49\" data-element_type=\"container\" data-e-type=\"container\" data-settings=\"{&quot;background_background&quot;:&quot;classic&quot;,&quot;animation&quot;:&quot;fadeInLeft&quot;,&quot;animation_delay&quot;:200}\">\n\t\t<div class=\"elementor-element elementor-element-17f91c7 e-con-full e-flex e-con e-child\" data-id=\"17f91c7\" data-element_type=\"container\" data-e-type=\"container\">\n\t\t\t\t<div class=\"elementor-element elementor-element-b1cc4b4 elementor-widget elementor-widget-text-editor\" data-id=\"b1cc4b4\" data-element_type=\"widget\" data-e-type=\"widget\" data-widget_type=\"text-editor.default\">\n\t\t\t\t<div class=\"elementor-widget-container\">\n\t\t\t\t\t\t\t\t\t<h2>Lunchpackage<\/h2>\t\t\t\t\t\t\t\t<\/div>\n\t\t\t\t<\/div>\n\t\t\t\t<div class=\"elementor-element elementor-element-7fbcc1b elementor-widget elementor-widget-text-editor\" data-id=\"7fbcc1b\" data-element_type=\"widget\" data-e-type=\"widget\" data-widget_type=\"text-editor.default\">\n\t\t\t\t<div class=\"elementor-widget-container\">\n\t\t\t\t\t\t\t\t\t<p><strong>Service f\u00fcr Hausg\u00e4ste<\/strong><br \/>Wir stellen Ihnen gerne ein \u00fcppiges Lunchpaket zusammen, das Sie durch den Tag bringt. Diesen Service bieten wir exklusiv f\u00fcr unsere Hausg\u00e4ste an. Wenn Sie zum Beispiel ein Angebot gebucht haben, eine Wandertour oder Ausfl\u00fcge durch die Region planen oder aus einem anderen Grund eine Mahlzeit verpassen.<\/p><p>Bitte k\u00fcndigen Sie den Wunsch nach einem Lunchpackage rechtzeitig an.<\/p>\t\t\t\t\t\t\t\t<\/div>\n\t\t\t\t<\/div>\n\t\t\t\t<\/div>\n\t\t\t\t<div class=\"elementor-element elementor-element-d2ea2e3 elementor-widget-tablet__width-initial elementor-widget elementor-widget-image\" data-id=\"d2ea2e3\" data-element_type=\"widget\" data-e-type=\"widget\" data-widget_type=\"image.default\">\n\t\t\t\t<div class=\"elementor-widget-container\">\n\t\t\t\t\t\t\t\t\t\t\t\t\t\t\t\t<a href=\"https:\/\/wittlers-hotel-ratzeburg.de\/wp-content\/uploads\/lunchpackage.jpg\" data-elementor-open-lightbox=\"yes\" data-e-action-hash=\"#elementor-action%3Aaction%3Dlightbox%26settings%3DeyJpZCI6Njg2LCJ1cmwiOiJodHRwczpcL1wvd2l0dGxlcnMtaG90ZWwtcmF0emVidXJnLmRlXC93cC1jb250ZW50XC91cGxvYWRzXC9sdW5jaHBhY2thZ2UuanBnIn0%3D\">\n\t\t\t\t\t\t\t<img decoding=\"async\" width=\"800\" height=\"534\" src=\"https:\/\/wittlers-hotel-ratzeburg.de\/wp-content\/uploads\/lunchpackage-1024x683.jpg\" class=\"attachment-large size-large wp-image-686\" alt=\"\" srcset=\"https:\/\/wittlers-hotel-ratzeburg.de\/wp-content\/uploads\/lunchpackage-1024x683.jpg 1024w, https:\/\/wittlers-hotel-ratzeburg.de\/wp-content\/uploads\/lunchpackage-300x200.jpg 300w, https:\/\/wittlers-hotel-ratzeburg.de\/wp-content\/uploads\/lunchpackage-768x512.jpg 768w, https:\/\/wittlers-hotel-ratzeburg.de\/wp-content\/uploads\/lunchpackage-1536x1024.jpg 1536w, https:\/\/wittlers-hotel-ratzeburg.de\/wp-content\/uploads\/lunchpackage.jpg 1920w\" sizes=\"(max-width: 800px) 100vw, 800px\" \/>\t\t\t\t\t\t\t\t<\/a>\n\t\t\t\t\t\t\t\t\t\t\t\t\t\t\t<\/div>\n\t\t\t\t<\/div>\n\t\t\t\t<\/div>\n\t\t<div class=\"elementor-element elementor-element-4dcbef91 e-flex e-con-boxed e-con e-parent\" data-id=\"4dcbef91\" data-element_type=\"container\" data-e-type=\"container\" data-settings=\"{&quot;background_background&quot;:&quot;classic&quot;,&quot;animation&quot;:&quot;none&quot;}\">\n\t\t\t\t\t<div class=\"e-con-inner\">\n\t\t<div class=\"elementor-element elementor-element-292a7120 animated-slow e-con-full e-flex e-con e-child\" data-id=\"292a7120\" data-element_type=\"container\" data-e-type=\"container\" data-settings=\"{&quot;animation&quot;:&quot;none&quot;}\">\n\t\t\t\t<div class=\"elementor-element elementor-element-26bc9d38 elementor-widget elementor-widget-text-editor\" data-id=\"26bc9d38\" data-element_type=\"widget\" data-e-type=\"widget\" data-widget_type=\"text-editor.default\">\n\t\t\t\t<div class=\"elementor-widget-container\">\n\t\t\t\t\t\t\t\t\t<p class=\"text-center\">Es ist keine zus\u00e4tzliche Buchung des Fr\u00fchst\u00fccks notwendig.<\/p>\t\t\t\t\t\t\t\t<\/div>\n\t\t\t\t<\/div>\n\t\t\t\t<div class=\"elementor-element elementor-element-831594b elementor-widget elementor-widget-text-editor\" data-id=\"831594b\" data-element_type=\"widget\" data-e-type=\"widget\" data-widget_type=\"text-editor.default\">\n\t\t\t\t<div class=\"elementor-widget-container\">\n\t\t\t\t\t\t\t\t\t<p class=\"text-center\">In unseren Zimmerpreisen ist das Fr\u00fchst\u00fcck bereits inbegriffen. Sie buchen Ihr Wunschzimmer und k\u00f6nnen dann nach Herzenslust schlemmen.\u00a0<\/p>\t\t\t\t\t\t\t\t<\/div>\n\t\t\t\t<\/div>\n\t\t\t\t<\/div>\n\t\t\t\t\t<\/div>\n\t\t\t\t<\/div>\n\t\t\t\t<\/div>\n\t\t","protected":false},"excerpt":{"rendered":"<p>Genie\u00dfen Sie Ihr Fr\u00fchst\u00fcck im Wittlers Hotelvon 7:00 bis 10:00 Uhr Am Wochenende und Feiertagevon 8:00 bis 10:00 Uhr Ein exquisiter Start in den Tag Starten Sie perfekt in den Tag und genie\u00dfen Sie die Vielfalt unseres Fr\u00fchst\u00fccksbuffets Lassen Sie sich f\u00fcr den Start in einen energiegeladenen Tag von unserem reichhaltigen Fr\u00fchst\u00fccksbuffet verw\u00f6hnen. Wir freuen [&hellip;]<\/p>\n","protected":false},"author":2,"featured_media":0,"parent":0,"menu_order":0,"comment_status":"closed","ping_status":"closed","template":"elementor_header_footer","meta":{"footnotes":""},"class_list":["post-16","page","type-page","status-publish","hentry"],"yoast_head":"<!-- This site is optimized with the Yoast SEO plugin v27.0 - https:\/\/yoast.com\/product\/yoast-seo-wordpress\/ -->\n<title>Fr\u00fchst\u00fcck - Wittlers Hotel in Ratzeburg<\/title>\n<meta name=\"robots\" content=\"index, follow, max-snippet:-1, max-image-preview:large, max-video-preview:-1\" \/>\n<link rel=\"canonical\" href=\"https:\/\/wittlers-hotel-ratzeburg.de\/en\/fruehstueck\/\" \/>\n<meta property=\"og:locale\" content=\"en_GB\" \/>\n<meta property=\"og:type\" content=\"article\" \/>\n<meta property=\"og:title\" content=\"Fr\u00fchst\u00fcck - Wittlers Hotel in Ratzeburg\" \/>\n<meta property=\"og:description\" content=\"Genie\u00dfen Sie Ihr Fr\u00fchst\u00fcck im Wittlers Hotelvon 7:00 bis 10:00 Uhr Am Wochenende und Feiertagevon 8:00 bis 10:00 Uhr Ein exquisiter Start in den Tag Starten Sie perfekt in den Tag und genie\u00dfen Sie die Vielfalt unseres Fr\u00fchst\u00fccksbuffets Lassen Sie sich f\u00fcr den Start in einen energiegeladenen Tag von unserem reichhaltigen Fr\u00fchst\u00fccksbuffet verw\u00f6hnen. Wir freuen [&hellip;]\" \/>\n<meta property=\"og:url\" content=\"https:\/\/wittlers-hotel-ratzeburg.de\/en\/fruehstueck\/\" \/>\n<meta property=\"og:site_name\" content=\"Wittlers Hotel in Ratzeburg\" \/>\n<meta property=\"article:modified_time\" content=\"2025-06-28T14:34:29+00:00\" \/>\n<meta property=\"og:image\" content=\"https:\/\/wittlers-hotel-ratzeburg.de\/wp-content\/uploads\/12A7565.jpg\" \/>\n\t<meta property=\"og:image:width\" content=\"1920\" \/>\n\t<meta property=\"og:image:height\" content=\"1280\" \/>\n\t<meta property=\"og:image:type\" content=\"image\/jpeg\" \/>\n<meta name=\"twitter:card\" content=\"summary_large_image\" \/>\n<meta name=\"twitter:label1\" content=\"Estimated reading time\" \/>\n\t<meta name=\"twitter:data1\" content=\"3 minutes\" \/>\n<script type=\"application\/ld+json\" class=\"yoast-schema-graph\">{\"@context\":\"https:\/\/schema.org\",\"@graph\":[{\"@type\":\"WebPage\",\"@id\":\"https:\/\/wittlers-hotel-ratzeburg.de\/fruehstueck\/\",\"url\":\"https:\/\/wittlers-hotel-ratzeburg.de\/fruehstueck\/\",\"name\":\"Fr\u00fchst\u00fcck - Wittlers Hotel in Ratzeburg\",\"isPartOf\":{\"@id\":\"https:\/\/wittlers-hotel-ratzeburg.de\/#website\"},\"primaryImageOfPage\":{\"@id\":\"https:\/\/wittlers-hotel-ratzeburg.de\/fruehstueck\/#primaryimage\"},\"image\":{\"@id\":\"https:\/\/wittlers-hotel-ratzeburg.de\/fruehstueck\/#primaryimage\"},\"thumbnailUrl\":\"https:\/\/wittlers-hotel-ratzeburg.de\/wp-content\/uploads\/12A7565-1024x683.jpg\",\"datePublished\":\"2023-06-13T12:04:02+00:00\",\"dateModified\":\"2025-06-28T14:34:29+00:00\",\"breadcrumb\":{\"@id\":\"https:\/\/wittlers-hotel-ratzeburg.de\/fruehstueck\/#breadcrumb\"},\"inLanguage\":\"en-GB\",\"potentialAction\":[{\"@type\":\"ReadAction\",\"target\":[\"https:\/\/wittlers-hotel-ratzeburg.de\/fruehstueck\/\"]}]},{\"@type\":\"ImageObject\",\"inLanguage\":\"en-GB\",\"@id\":\"https:\/\/wittlers-hotel-ratzeburg.de\/fruehstueck\/#primaryimage\",\"url\":\"https:\/\/wittlers-hotel-ratzeburg.de\/wp-content\/uploads\/12A7565-1024x683.jpg\",\"contentUrl\":\"https:\/\/wittlers-hotel-ratzeburg.de\/wp-content\/uploads\/12A7565-1024x683.jpg\"},{\"@type\":\"BreadcrumbList\",\"@id\":\"https:\/\/wittlers-hotel-ratzeburg.de\/fruehstueck\/#breadcrumb\",\"itemListElement\":[{\"@type\":\"ListItem\",\"position\":1,\"name\":\"Startseite\",\"item\":\"https:\/\/wittlers-hotel-ratzeburg.de\/\"},{\"@type\":\"ListItem\",\"position\":2,\"name\":\"Fr\u00fchst\u00fcck\"}]},{\"@type\":\"WebSite\",\"@id\":\"https:\/\/wittlers-hotel-ratzeburg.de\/#website\",\"url\":\"https:\/\/wittlers-hotel-ratzeburg.de\/\",\"name\":\"Wittlers Hotel in Ratzeburg\",\"description\":\"Hotel und Restaurant in Ratzeburg\",\"publisher\":{\"@id\":\"https:\/\/wittlers-hotel-ratzeburg.de\/#organization\"},\"potentialAction\":[{\"@type\":\"SearchAction\",\"target\":{\"@type\":\"EntryPoint\",\"urlTemplate\":\"https:\/\/wittlers-hotel-ratzeburg.de\/?s={search_term_string}\"},\"query-input\":{\"@type\":\"PropertyValueSpecification\",\"valueRequired\":true,\"valueName\":\"search_term_string\"}}],\"inLanguage\":\"en-GB\"},{\"@type\":\"Organization\",\"@id\":\"https:\/\/wittlers-hotel-ratzeburg.de\/#organization\",\"name\":\"Wittlers Hotel in Ratzeburg\",\"url\":\"https:\/\/wittlers-hotel-ratzeburg.de\/\",\"logo\":{\"@type\":\"ImageObject\",\"inLanguage\":\"en-GB\",\"@id\":\"https:\/\/wittlers-hotel-ratzeburg.de\/#\/schema\/logo\/image\/\",\"url\":\"https:\/\/wittlers-hotel-ratzeburg.de\/wp-content\/uploads\/logowittlers-hotel.png\",\"contentUrl\":\"https:\/\/wittlers-hotel-ratzeburg.de\/wp-content\/uploads\/logowittlers-hotel.png\",\"width\":359,\"height\":161,\"caption\":\"Wittlers Hotel in Ratzeburg\"},\"image\":{\"@id\":\"https:\/\/wittlers-hotel-ratzeburg.de\/#\/schema\/logo\/image\/\"}}]}<\/script>\n<!-- \/ Yoast SEO plugin. -->","yoast_head_json":{"title":"Fr\u00fchst\u00fcck - Wittlers Hotel in Ratzeburg","robots":{"index":"index","follow":"follow","max-snippet":"max-snippet:-1","max-image-preview":"max-image-preview:large","max-video-preview":"max-video-preview:-1"},"canonical":"https:\/\/wittlers-hotel-ratzeburg.de\/en\/fruehstueck\/","og_locale":"en_GB","og_type":"article","og_title":"Fr\u00fchst\u00fcck - Wittlers Hotel in Ratzeburg","og_description":"Genie\u00dfen Sie Ihr Fr\u00fchst\u00fcck im Wittlers Hotelvon 7:00 bis 10:00 Uhr Am Wochenende und Feiertagevon 8:00 bis 10:00 Uhr Ein exquisiter Start in den Tag Starten Sie perfekt in den Tag und genie\u00dfen Sie die Vielfalt unseres Fr\u00fchst\u00fccksbuffets Lassen Sie sich f\u00fcr den Start in einen energiegeladenen Tag von unserem reichhaltigen Fr\u00fchst\u00fccksbuffet verw\u00f6hnen. Wir freuen [&hellip;]","og_url":"https:\/\/wittlers-hotel-ratzeburg.de\/en\/fruehstueck\/","og_site_name":"Wittlers Hotel in Ratzeburg","article_modified_time":"2025-06-28T14:34:29+00:00","og_image":[{"width":1920,"height":1280,"url":"https:\/\/wittlers-hotel-ratzeburg.de\/wp-content\/uploads\/12A7565.jpg","type":"image\/jpeg"}],"twitter_card":"summary_large_image","twitter_misc":{"Estimated reading time":"3 minutes"},"schema":{"@context":"https:\/\/schema.org","@graph":[{"@type":"WebPage","@id":"https:\/\/wittlers-hotel-ratzeburg.de\/fruehstueck\/","url":"https:\/\/wittlers-hotel-ratzeburg.de\/fruehstueck\/","name":"Fr\u00fchst\u00fcck - Wittlers Hotel in Ratzeburg","isPartOf":{"@id":"https:\/\/wittlers-hotel-ratzeburg.de\/#website"},"primaryImageOfPage":{"@id":"https:\/\/wittlers-hotel-ratzeburg.de\/fruehstueck\/#primaryimage"},"image":{"@id":"https:\/\/wittlers-hotel-ratzeburg.de\/fruehstueck\/#primaryimage"},"thumbnailUrl":"https:\/\/wittlers-hotel-ratzeburg.de\/wp-content\/uploads\/12A7565-1024x683.jpg","datePublished":"2023-06-13T12:04:02+00:00","dateModified":"2025-06-28T14:34:29+00:00","breadcrumb":{"@id":"https:\/\/wittlers-hotel-ratzeburg.de\/fruehstueck\/#breadcrumb"},"inLanguage":"en-GB","potentialAction":[{"@type":"ReadAction","target":["https:\/\/wittlers-hotel-ratzeburg.de\/fruehstueck\/"]}]},{"@type":"ImageObject","inLanguage":"en-GB","@id":"https:\/\/wittlers-hotel-ratzeburg.de\/fruehstueck\/#primaryimage","url":"https:\/\/wittlers-hotel-ratzeburg.de\/wp-content\/uploads\/12A7565-1024x683.jpg","contentUrl":"https:\/\/wittlers-hotel-ratzeburg.de\/wp-content\/uploads\/12A7565-1024x683.jpg"},{"@type":"BreadcrumbList","@id":"https:\/\/wittlers-hotel-ratzeburg.de\/fruehstueck\/#breadcrumb","itemListElement":[{"@type":"ListItem","position":1,"name":"Startseite","item":"https:\/\/wittlers-hotel-ratzeburg.de\/"},{"@type":"ListItem","position":2,"name":"Fr\u00fchst\u00fcck"}]},{"@type":"WebSite","@id":"https:\/\/wittlers-hotel-ratzeburg.de\/#website","url":"https:\/\/wittlers-hotel-ratzeburg.de\/","name":"Wittlers Hotel in Ratzeburg","description":"Hotel und Restaurant in Ratzeburg","publisher":{"@id":"https:\/\/wittlers-hotel-ratzeburg.de\/#organization"},"potentialAction":[{"@type":"SearchAction","target":{"@type":"EntryPoint","urlTemplate":"https:\/\/wittlers-hotel-ratzeburg.de\/?s={search_term_string}"},"query-input":{"@type":"PropertyValueSpecification","valueRequired":true,"valueName":"search_term_string"}}],"inLanguage":"en-GB"},{"@type":"Organization","@id":"https:\/\/wittlers-hotel-ratzeburg.de\/#organization","name":"Wittlers Hotel in Ratzeburg","url":"https:\/\/wittlers-hotel-ratzeburg.de\/","logo":{"@type":"ImageObject","inLanguage":"en-GB","@id":"https:\/\/wittlers-hotel-ratzeburg.de\/#\/schema\/logo\/image\/","url":"https:\/\/wittlers-hotel-ratzeburg.de\/wp-content\/uploads\/logowittlers-hotel.png","contentUrl":"https:\/\/wittlers-hotel-ratzeburg.de\/wp-content\/uploads\/logowittlers-hotel.png","width":359,"height":161,"caption":"Wittlers Hotel in Ratzeburg"},"image":{"@id":"https:\/\/wittlers-hotel-ratzeburg.de\/#\/schema\/logo\/image\/"}}]}},"_links":{"self":[{"href":"https:\/\/wittlers-hotel-ratzeburg.de\/en\/wp-json\/wp\/v2\/pages\/16","targetHints":{"allow":["GET"]}}],"collection":[{"href":"https:\/\/wittlers-hotel-ratzeburg.de\/en\/wp-json\/wp\/v2\/pages"}],"about":[{"href":"https:\/\/wittlers-hotel-ratzeburg.de\/en\/wp-json\/wp\/v2\/types\/page"}],"author":[{"embeddable":true,"href":"https:\/\/wittlers-hotel-ratzeburg.de\/en\/wp-json\/wp\/v2\/users\/2"}],"replies":[{"embeddable":true,"href":"https:\/\/wittlers-hotel-ratzeburg.de\/en\/wp-json\/wp\/v2\/comments?post=16"}],"version-history":[{"count":91,"href":"https:\/\/wittlers-hotel-ratzeburg.de\/en\/wp-json\/wp\/v2\/pages\/16\/revisions"}],"predecessor-version":[{"id":2062,"href":"https:\/\/wittlers-hotel-ratzeburg.de\/en\/wp-json\/wp\/v2\/pages\/16\/revisions\/2062"}],"wp:attachment":[{"href":"https:\/\/wittlers-hotel-ratzeburg.de\/en\/wp-json\/wp\/v2\/media?parent=16"}],"curies":[{"name":"wp","href":"https:\/\/api.w.org\/{rel}","templated":true}]}}